{"id":3,"date":"2021-12-21T19:59:17","date_gmt":"2021-12-21T19:59:17","guid":{"rendered":"http:\/\/oficinapiratas.com\/2022\/?page_id=3"},"modified":"2022-01-11T23:46:28","modified_gmt":"2022-01-11T22:46:28","slug":"politica-privacidad","status":"publish","type":"page","link":"https:\/\/oficinapiratas.com\/2022\/politica-privacidad\/","title":{"rendered":"Pol\u00edtica de privacidad"},"content":{"rendered":"\t\t<div data-elementor-type=\"wp-page\" data-elementor-id=\"3\" class=\"elementor elementor-3\" data-elementor-settings=\"[]\">\n\t\t\t\t\t\t\t<div class=\"elementor-section-wrap\">\n\t\t\t\t\t\t\t<section class=\"elementor-section elementor-top-section elementor-element elementor-element-abd86d7 elementor-section-boxed elementor-section-height-default elementor-section-height-default\" data-id=\"abd86d7\" data-element_type=\"section\" data-settings=\"{&quot;grandrestaurant_ext_is_background_parallax&quot;:&quot;false&quot;,&quot;grandrestaurant_ext_is_background_on_scroll&quot;:&quot;false&quot;}\">\n\t\t\t\t\t\t<div class=\"elementor-container elementor-column-gap-default\">\n\t\t\t\t\t<div class=\"elementor-column elementor-col-100 elementor-top-column elementor-element elementor-element-0793cfc\" data-id=\"0793cfc\" data-element_type=\"column\" data-settings=\"{&quot;grandrestaurant_ext_link_reservation&quot;:&quot;false&quot;,&quot;grandrestaurant_ext_link_sidemenu&quot;:&quot;false&quot;,&quot;grandrestaurant_ext_is_scrollme&quot;:&quot;false&quot;,&quot;grandrestaurant_ext_is_smoove&quot;:&quot;false&quot;,&quot;grandrestaurant_ext_is_parallax_mouse&quot;:&quot;false&quot;,&quot;grandrestaurant_ext_is_infinite&quot;:&quot;false&quot;,&quot;grandrestaurant_ext_is_fadeout_animation&quot;:&quot;false&quot;}\">\n\t\t\t<div class=\"elementor-widget-wrap elementor-element-populated\">\n\t\t\t\t\t\t\t\t<div class=\"elementor-element elementor-element-423f532 elementor-widget elementor-widget-heading\" data-id=\"423f532\" data-element_type=\"widget\" data-settings=\"{&quot;grandrestaurant_ext_link_reservation&quot;:&quot;false&quot;,&quot;grandrestaurant_ext_link_sidemenu&quot;:&quot;false&quot;,&quot;grandrestaurant_ext_is_scrollme&quot;:&quot;false&quot;,&quot;grandrestaurant_ext_is_smoove&quot;:&quot;false&quot;,&quot;grandrestaurant_ext_is_parallax_mouse&quot;:&quot;false&quot;,&quot;grandrestaurant_ext_is_infinite&quot;:&quot;false&quot;,&quot;grandrestaurant_ext_is_fadeout_animation&quot;:&quot;false&quot;}\" data-widget_type=\"heading.default\">\n\t\t\t\t<div class=\"elementor-widget-container\">\n\t\t\t<style>\/*! elementor - v3.5.3 - 28-12-2021 *\/\n.elementor-heading-title{padding:0;margin:0;line-height:1}.elementor-widget-heading .elementor-heading-title[class*=elementor-size-]>a{color:inherit;font-size:inherit;line-height:inherit}.elementor-widget-heading .elementor-heading-title.elementor-size-small{font-size:15px}.elementor-widget-heading .elementor-heading-title.elementor-size-medium{font-size:19px}.elementor-widget-heading .elementor-heading-title.elementor-size-large{font-size:29px}.elementor-widget-heading .elementor-heading-title.elementor-size-xl{font-size:39px}.elementor-widget-heading .elementor-heading-title.elementor-size-xxl{font-size:59px}<\/style><h1 class=\"elementor-heading-title elementor-size-default\">Aviso Legal, privacidad, venta  y devoluciones.<\/h1>\t\t<\/div>\n\t\t\t\t<\/div>\n\t\t\t\t\t<\/div>\n\t\t<\/div>\n\t\t\t\t\t\t\t<\/div>\n\t\t<\/section>\n\t\t\t\t<section class=\"elementor-section elementor-top-section elementor-element elementor-element-74b7c1fa elementor-section-boxed elementor-section-height-default elementor-section-height-default\" data-id=\"74b7c1fa\" data-element_type=\"section\" data-settings=\"{&quot;grandrestaurant_ext_is_background_parallax&quot;:&quot;false&quot;,&quot;grandrestaurant_ext_is_background_on_scroll&quot;:&quot;false&quot;}\">\n\t\t\t\t\t\t<div class=\"elementor-container elementor-column-gap-default\">\n\t\t\t\t\t<div class=\"elementor-column elementor-col-100 elementor-top-column elementor-element elementor-element-ccffcd6\" data-id=\"ccffcd6\" data-element_type=\"column\" data-settings=\"{&quot;grandrestaurant_ext_link_reservation&quot;:&quot;false&quot;,&quot;grandrestaurant_ext_link_sidemenu&quot;:&quot;false&quot;,&quot;grandrestaurant_ext_is_scrollme&quot;:&quot;false&quot;,&quot;grandrestaurant_ext_is_smoove&quot;:&quot;false&quot;,&quot;grandrestaurant_ext_is_parallax_mouse&quot;:&quot;false&quot;,&quot;grandrestaurant_ext_is_infinite&quot;:&quot;false&quot;,&quot;grandrestaurant_ext_is_fadeout_animation&quot;:&quot;false&quot;}\">\n\t\t\t<div class=\"elementor-widget-wrap elementor-element-populated\">\n\t\t\t\t\t\t\t\t<div class=\"elementor-element elementor-element-371895 elementor-widget elementor-widget-text-editor\" data-id=\"371895\" data-element_type=\"widget\" data-settings=\"{&quot;grandrestaurant_ext_link_reservation&quot;:&quot;false&quot;,&quot;grandrestaurant_ext_link_sidemenu&quot;:&quot;false&quot;,&quot;grandrestaurant_ext_is_scrollme&quot;:&quot;false&quot;,&quot;grandrestaurant_ext_is_smoove&quot;:&quot;false&quot;,&quot;grandrestaurant_ext_is_parallax_mouse&quot;:&quot;false&quot;,&quot;grandrestaurant_ext_is_infinite&quot;:&quot;false&quot;,&quot;grandrestaurant_ext_is_fadeout_animation&quot;:&quot;false&quot;}\" data-widget_type=\"text-editor.default\">\n\t\t\t\t<div class=\"elementor-widget-container\">\n\t\t\t<style>\/*! elementor - v3.5.3 - 28-12-2021 *\/\n.elementor-widget-text-editor.elementor-drop-cap-view-stacked .elementor-drop-cap{background-color:#818a91;color:#fff}.elementor-widget-text-editor.elementor-drop-cap-view-framed .elementor-drop-cap{color:#818a91;border:3px solid;background-color:transparent}.elementor-widget-text-editor:not(.elementor-drop-cap-view-default) .elementor-drop-cap{margin-top:8px}.elementor-widget-text-editor:not(.elementor-drop-cap-view-default) .elementor-drop-cap-letter{width:1em;height:1em}.elementor-widget-text-editor .elementor-drop-cap{float:left;text-align:center;line-height:1;font-size:50px}.elementor-widget-text-editor .elementor-drop-cap-letter{display:inline-block}<\/style>\t\t\t\t<!-- wp:heading -->\n<h3><strong>AVISO LEGAL Y PRIVACIDAD<\/strong><\/h3>\n<p><strong>Primero.- Ley de Servicios de Sociedad de la Informaci\u00f3n<\/strong><\/p>\n<p>En cumplimiento de la Ley 34\/2002 de Servicios de la Sociedad de la Informaci\u00f3n y de Comercio Electr\u00f3nico de Espa\u00f1a, le informamos que este sitio web es propiedad de\u00a0<b>PIRATAS ROCK\u00a0<\/b>y estos son nuestros datos identificativos:<\/p>\n<p><strong>Denominaci\u00f3n social:\u00a0<\/strong>Piratas Rock, s.l.<\/p>\n<p><strong>CIF:<\/strong>\u00a0B87775623<\/p>\n<p><strong>Domicilio social:<\/strong>\u00a0calle Navales, 33 &#8211; 28923 Alcorc\u00f3n &#8211; Madrid<\/p>\n<p><strong>Contacto:\u00a0<\/strong><\/p>\n<ul>\n<li>Tel\u00e9fono: + 34 916 436 928<\/li>\n<li>Correo electr\u00f3nico: administracion@oficinapiratas.com<\/li>\n<\/ul>\n<p><strong>Datos de inscripci\u00f3n:<\/strong><\/p>\n<p>Inscrita con fecha 24\/03\/2017 en el Registro Mercantil de Madrid, Tomo 35790, Folio 33, Inscripcion 1 con Hoja M_643087.<\/p>\n<p>El sitio web\u00a0<strong>www.piratasrock.com<\/strong>\u00a0se rige por la normativa exclusivamente aplicable en Espa\u00f1a, quedando sometida a ella, tanto naciones como extranjeros que utilicen este sitio web.<\/p>\n<p>La\u00a0<strong>confidencialidad<\/strong>, el\u00a0<strong>secreto profesional<\/strong>\u00a0y la\u00a0<strong>seguridad<\/strong>\u00a0son valores primordiales de\u00a0<strong>PIRATASROCK<\/strong>, que asume el compromiso de garantizar la privacidad del usuario o visitante en todo momento, y en todas las interacciones con aquel.\u00a0<strong>PIRATASROCK\u00a0<\/strong>asume tambi\u00e9n el compromiso de no recabar informaci\u00f3n innecesaria sobre el usuario.<\/p>\n<p><strong>Segundo.- Objeto de la p\u00e1gina web<\/strong><\/p>\n<p>A los efectos del cumplimiento de la Ley 34\/2002, de 11 de julio, de servicios de la sociedad de la informaci\u00f3n y de comercio electr\u00f3nico, en adelante LSSI, el propietario del dominio le informa que la finalidad de la P\u00e1gina Web es publicitaria e informativa de los servicios\u00a0 que presta, y asimismo se permite enviar consultas sobre dichos servicios\u00a0 a trav\u00e9s del formulario de contacto del sitio web.<\/p>\n<p>Los datos personales que usted nos facilite para cualquiera de las opciones ser\u00e1n tratados exclusivamente para ponernos en contacto a fin de dar respuesta a sus solicitudes de informaci\u00f3n, no pudiendo hacer otros usos de los mismos ni cederlos a terceros sin su consentimiento, salvo aquellas cesiones previstas legalmente.<\/p>\n<p>El presente aviso legal establece las condiciones de uso del site.<\/p>\n<p>El hecho de continuar la navegaci\u00f3n por este Portal o el uso de cualquiera de los servicios propuestos supondr\u00e1 la aceptaci\u00f3n de las presentes condiciones.<\/p>\n<p><strong>Tercero.- Condiciones de acceso del usuario.<\/strong><\/p>\n<p>El usuario se obliga a usar la informaci\u00f3n contenida en el presente sitio de Internet para las finalidades propias del site exclusivamente, no realizando ning\u00fan tipo de explotaci\u00f3n comercial diferente a los usos autorizados.<\/p>\n<p>El Usuario responder\u00e1 frente a\u00a0<strong>PIRATASROCK\u00a0<\/strong>o frente a terceros, de cualesquiera da\u00f1os y perjuicios que pudieran causarse como consecuencia del incumplimiento de dicha obligaci\u00f3n.<\/p>\n<p>El acceso al site es gratuito, debiendo \u00fanicamente el usuario hacer frente a los costes derivados del coste de acceso a la Red.<\/p>\n<p><strong>Cuarto. Limitaci\u00f3n de responsabilidad<\/strong>.<\/p>\n<p>Si bien el responsable del site pone todo su empe\u00f1o en que los contenidos propios del Portal o de terceros incluidos en \u00e9ste, est\u00e9n libres de cualquier error, el titular del site no se responsabiliza ni asegura su veracidad, idoneidad ni de las consecuencias que se produzcan por el uso de estos.<\/p>\n<p>El titular del site no se responsabiliza por la existencia de virus, gusanos, o cualquier otro elemento equivalente, siendo el usuario el \u00fanico responsable de proveerse de los mecanismos necesarios para evitar la verificaci\u00f3n de da\u00f1os a sus equipos o sistemas de informaci\u00f3n.<\/p>\n<p><strong>PIRATASROCK\u00a0<\/strong>no asume ning\u00fan tipo de responsabilidad por raz\u00f3n de la transmisi\u00f3n, difusi\u00f3n, almacenamiento, puesta a disposici\u00f3n, recepci\u00f3n, acceso o uso del sitio web, y, en particular, por lo siguiente:<\/p>\n<p>1. La existencia de cualquier fallo en el acceso, que provoque una interrupci\u00f3n, o de programaci\u00f3n, relacionados con el sitio web y su funcionamiento, cualquiera que sea su origen, cualquier elemento nocivo, o la intervenci\u00f3n de un tercero, as\u00ed como: ca\u00edda del servidor, actualizaci\u00f3n y precisi\u00f3n de los datos, labores de mantenimiento, insuficiente capacidad para soportar los sistemas inform\u00e1ticos necesarios para la utilizaci\u00f3n del servicio ofrecido, etc\u2026<\/p>\n<p>2. La realizaci\u00f3n de actos de competencia desleal y publicidad il\u00edcita como consecuencia de la transmisi\u00f3n, difusi\u00f3n, almacenamiento, puesta a disposici\u00f3n, recepci\u00f3n, obtenci\u00f3n de o acceso al sitio web o a sus contenidos.<\/p>\n<p>3. La falta de veracidad, exactitud, exhaustividad, pertinencia y\/o actualidad del sitio web o de sus contenidos.<\/p>\n<p>4. La posible falta de adecuaci\u00f3n a finalidades o cumplimiento de expectativas que pudieran generar el sitio web o sus contenidos.<\/p>\n<p><strong>Quinto.- Propiedad intelectual<\/strong><\/p>\n<p>La informaci\u00f3n usada y desplegada en la web, incluidos el software, gr\u00e1ficos, ilustraciones, nombres, logotipos y marcas, es propiedad de\u00a0<strong>PIRATASROCK\u00a0<\/strong>y est\u00e1 protegida por las Leyes Internacionales de Propiedad Intelectual e Industrial y en especial por el Real Decreto Legislativo 1\/1996, de 12 de abril.<\/p>\n<p>Queda prohibido copiar, modificar, crear una obra derivada, invertir la concepci\u00f3n o la uni\u00f3n o de cualquier otra forma intentar encontrar el c\u00f3digo fuente, vender, atribuir, sublicenciar o transferir de la forma que sea todo derecho referente a los programas inform\u00e1ticos. Adem\u00e1s, est\u00e1 igualmente prohibido modificar el programa inform\u00e1tico o utilizar versiones modificadas de los programas y, sobre todo, cuando se haga para (sin que esta enumeraci\u00f3n sea limitativa) obtener un acceso no autorizado al servicio y acceder al sitio web por otro medio que el interfaz proporcionado por\u00a0<strong>PIRATASROCK<\/strong><strong>.<\/strong><\/p>\n<p><strong>Sexto.- Enlaces al Portal<\/strong><\/p>\n<p>Est\u00e1 permitida la introducci\u00f3n de enlaces al site, no obstante estos han de apuntar directamente a la p\u00e1gina inicial de manera completa. Para establecer cualquier otro tipo de enlace, el interesado deber\u00e1 contar con la autorizaci\u00f3n por escrito de los administradores del site.<\/p>\n<p>Queda prohibido terminantemente, independientemente del tipo de enlace que se haga al site, establecer marcos, frames o cualquier otro mecanismo que permita la visualizaci\u00f3n de los contenidos a trav\u00e9s de otro sitio distinto al site.<\/p>\n<p><strong>S\u00e9ptimo.- Uso del sitio web<\/strong><\/p>\n<p>Con los l\u00edmites establecidos en la ley, el usuario asumir\u00e1 todo tipo de responsabilidad legal derivada del uso incorrecto, inapropiado o il\u00edcito del site, como puede ser:<\/p>\n<p>a) usar cualquier dispositivo, software, virus, malware, o rutina para interferir o intentar interferir el buen funcionamiento del sitio,<\/p>\n<p>b) el uso de \u201cphishing\u201d, o suplantaci\u00f3n de la identidad de otra persona actuando en su nombre,<\/p>\n<p>c) el uso del site para publicitarse a trav\u00e9s de la presencia de links, marketing on-line o cualquier otro medio que pudiera suponer el uso de publicidad fraudulenta,<\/p>\n<p>d) La publicaci\u00f3n de cualquier contenido que resulte amenazante o violento.<\/p>\n<p><strong>Octavo.- Consentimiento y Fuero<\/strong><\/p>\n<p>El usuario est\u00e1 de acuerdo con las condiciones descritas y asume cualquier tipo de responsabilidad legal si incumpliera los t\u00e9rminos aqu\u00ed descritos, para cualquier tipo de controversia derivada de la utilizaci\u00f3n de los servicios ofrecidos o de los contenidos propios del Portal, las partes renuncian a cualquier fuero legal expresamente, siendo el fuero competentes los Tribunales y Juzgados de Madrid (Espa\u00f1a).<\/p>\n<p><strong>Noveno.- Vigencia de las condiciones de uso<\/strong><\/p>\n<p>Las presentes condiciones de utilizaci\u00f3n del site tienen car\u00e1cter indefinido.<\/p>\n<p>No obstante,\u00a0<strong>PIRATASROCK\u00a0<\/strong>se reserva el derecho a modificar de manera unilateral estas condiciones cuando lo considere oportuno. Cualquier modificaci\u00f3n entrar\u00e1 en vigor en el momento en que sea publicada en la p\u00e1gina Web inicial del site.<\/p>\n<p>\u00a0<\/p>\n<h3><strong>POL\u00cdTICA DE VENTA Y DEVOLUCIONES<\/strong><\/h3>\n<p><strong>Proceso de reserva<\/strong><\/p>\n<p>El cliente solicitar\u00e1 la reserva en el d\u00eda y hora disponible a trav\u00e9s de nuestra web.<\/p>\n<p>La reserva estar\u00e1 formalizada en el momento de confirmaci\u00f3n del pago de la reserva, y se enviar\u00e1 confirmaci\u00f3n al correo electr\u00f3nico indicado por el cliente durante el proceso.<\/p>\n<p>Los pagos podr\u00e1n realizarse mediante nuestro TPV, utilizando las tarjetas VISA y MASTERCARD.<\/p>\n<p><strong>Pol\u00edtica de cancelaci\u00f3n y devoluci\u00f3n<\/strong><\/p>\n<p>El cliente podr\u00e1 cancelar llamando al tel\u00e9fono 916 436 928, momento en que se establecer\u00e1 la forma de reembolso, y tendr\u00e1 derecho a la devoluci\u00f3n de las cantidades abonadas, con las siguientes condiciones:<\/p>\n<ul>\n<li>Reservas hasta 10 comensales, tendr\u00e1n derecho al 100% de la devoluci\u00f3n siempre que se notifique con 48 horas de antelaci\u00f3n.<\/li>\n<li>Reservas de 11 a 25 comensales, tendr\u00e1n derecho al 100% de la devoluci\u00f3n siempre que se notifique con 10 d\u00edas de antelaci\u00f3n.<\/li>\n<li>Reservas de m\u00e1s de 25 comensales, tendr\u00e1n derecho al 100% de la devoluci\u00f3n siempre que se notifique con 20 d\u00edas de antelaci\u00f3n.<\/li>\n<\/ul>\n<!-- \/wp:paragraph -->\t\t\t\t\t\t<\/div>\n\t\t\t\t<\/div>\n\t\t\t\t\t<\/div>\n\t\t<\/div>\n\t\t\t\t\t\t\t<\/div>\n\t\t<\/section>\n\t\t\t\t\t\t<\/div>\n\t\t\t\t\t<\/div>\n\t\t","protected":false},"excerpt":{"rendered":"<p>Aviso Legal, privacidad, venta y devoluciones. AVISO LEGAL Y PRIVACIDAD Primero.- Ley de Servicios de Sociedad de la Informaci\u00f3n En cumplimiento de la Ley 34\/2002 de Servicios de la Sociedad de la Informaci\u00f3n y de Comercio Electr\u00f3nico de Espa\u00f1a, le [&hellip;]<\/p>\n","protected":false},"author":1,"featured_media":0,"parent":0,"menu_order":0,"comment_status":"closed","ping_status":"open","template":"","meta":{"footnotes":""},"class_list":["post-3","page","type-page","status-publish","hentry"],"_links":{"self":[{"href":"https:\/\/oficinapiratas.com\/2022\/wp-json\/wp\/v2\/pages\/3","targetHints":{"allow":["GET"]}}],"collection":[{"href":"https:\/\/oficinapiratas.com\/2022\/wp-json\/wp\/v2\/pages"}],"about":[{"href":"https:\/\/oficinapiratas.com\/2022\/wp-json\/wp\/v2\/types\/page"}],"author":[{"embeddable":true,"href":"https:\/\/oficinapiratas.com\/2022\/wp-json\/wp\/v2\/users\/1"}],"replies":[{"embeddable":true,"href":"https:\/\/oficinapiratas.com\/2022\/wp-json\/wp\/v2\/comments?post=3"}],"version-history":[{"count":6,"href":"https:\/\/oficinapiratas.com\/2022\/wp-json\/wp\/v2\/pages\/3\/revisions"}],"predecessor-version":[{"id":4376,"href":"https:\/\/oficinapiratas.com\/2022\/wp-json\/wp\/v2\/pages\/3\/revisions\/4376"}],"wp:attachment":[{"href":"https:\/\/oficinapiratas.com\/2022\/wp-json\/wp\/v2\/media?parent=3"}],"curies":[{"name":"wp","href":"https:\/\/api.w.org\/{rel}","templated":true}]}}